{"id":11,"date":"2025-09-01T01:27:31","date_gmt":"2025-09-01T01:27:31","guid":{"rendered":"https:\/\/lb-solutions.online\/testwp4\/accueil\/"},"modified":"2025-09-01T02:23:57","modified_gmt":"2025-09-01T02:23:57","slug":"accueil","status":"publish","type":"page","link":"https:\/\/lb-solutions.online\/testwp4\/","title":{"rendered":"Accueil"},"content":{"rendered":"<h1>Transformez votre pr\u00e9sence en ligne<\/h1>\n<h5>Nous aidons les PME \u00e0 briller sur le web et \u00e0 g\u00e9rer leur e-r\u00e9putation.<\/h5>\n<p>\t\t\t\t\t\t\t\t\t\t<a href=\"#\"><br \/>\n\t\t\t\t\t\t\t\t\tExplorez<br \/>\n\t\t\t\t\t<\/a><br \/>\n\t\t\t<svg aria-hidden=\"true\" viewBox=\"0 0 576 512\" xmlns=\"http:\/\/www.w3.org\/2000\/svg\"><path d=\"M259.3 17.8L194 150.2 47.9 171.5c-26.2 3.8-36.7 36.1-17.7 54.6l105.7 103-25 145.5c-4.5 26.3 23.2 46 46.4 33.7L288 439.6l130.7 68.7c23.2 12.2 50.9-7.4 46.4-33.7l-25-145.5 105.7-103c19-18.5 8.5-50.8-17.7-54.6L382 150.2 316.7 17.8c-11.7-23.6-45.6-23.9-57.4 0z\"><\/path><\/svg>\t\t\t<\/p>\n<h2>Cr\u00e9ation de sites web<\/h2>\n<p>Nous concevons des sites web modernes et adapt\u00e9s \u00e0 vos besoins. Chaque projet est unique et nous nous assurons de cr\u00e9er une exp\u00e9rience utilisateur fluide et attrayante.<\/p>\n<p>\t\t\t\t\t\t\t\t<a href=\"#\"><br \/>\n\t\t\t\t\t\t\t\t\tEn savoir plus<br \/>\n\t\t\t\t\t<\/a><br \/>\n\t\t\t<svg aria-hidden=\"true\" viewBox=\"0 0 576 512\" xmlns=\"http:\/\/www.w3.org\/2000\/svg\"><path d=\"M259.3 17.8L194 150.2 47.9 171.5c-26.2 3.8-36.7 36.1-17.7 54.6l105.7 103-25 145.5c-4.5 26.3 23.2 46 46.4 33.7L288 439.6l130.7 68.7c23.2 12.2 50.9-7.4 46.4-33.7l-25-145.5 105.7-103c19-18.5 8.5-50.8-17.7-54.6L382 150.2 316.7 17.8c-11.7-23.6-45.6-23.9-57.4 0z\"><\/path><\/svg>\t\t\t<\/p>\n<h2>Gestion des r\u00e9seaux sociaux<\/h2>\n<p>Nous vous aidons \u00e0 b\u00e2tir une forte pr\u00e9sence en ligne en g\u00e9rant vos r\u00e9seaux sociaux avec soin. Engageons votre communaut\u00e9 pour plus d&rsquo;interaction et de fid\u00e9lit\u00e9.<\/p>\n<p>\t\t\t\t\t\t\t\t<a href=\"#\"><br \/>\n\t\t\t\t\t\t\t\t\tDiscover<br \/>\n\t\t\t\t\t<\/a><br \/>\n\t\t\t<svg aria-hidden=\"true\" viewBox=\"0 0 576 512\" xmlns=\"http:\/\/www.w3.org\/2000\/svg\"><path d=\"M259.3 17.8L194 150.2 47.9 171.5c-26.2 3.8-36.7 36.1-17.7 54.6l105.7 103-25 145.5c-4.5 26.3 23.2 46 46.4 33.7L288 439.6l130.7 68.7c23.2 12.2 50.9-7.4 46.4-33.7l-25-145.5 105.7-103c19-18.5 8.5-50.8-17.7-54.6L382 150.2 316.7 17.8c-11.7-23.6-45.6-23.9-57.4 0z\"><\/path><\/svg>\t\t\t<\/p>\n<h2>Optimisation SEO<\/h2>\n<p>Boostez votre visibilit\u00e9 en ligne avec notre expertise en SEO. Nous analysons et optimisons votre contenu pour attirer plus de visiteurs qualifi\u00e9s.<\/p>\n<p>\t\t\t\t\t\t\t\t<a href=\"#\"><br \/>\n\t\t\t\t\t\t\t\t\tCommencez ici<br \/>\n\t\t\t\t\t<\/a><br \/>\n\t\t\t<svg aria-hidden=\"true\" viewBox=\"0 0 576 512\" xmlns=\"http:\/\/www.w3.org\/2000\/svg\"><path d=\"M259.3 17.8L194 150.2 47.9 171.5c-26.2 3.8-36.7 36.1-17.7 54.6l105.7 103-25 145.5c-4.5 26.3 23.2 46 46.4 33.7L288 439.6l130.7 68.7c23.2 12.2 50.9-7.4 46.4-33.7l-25-145.5 105.7-103c19-18.5 8.5-50.8-17.7-54.6L382 150.2 316.7 17.8c-11.7-23.6-45.6-23.9-57.4 0z\"><\/path><\/svg>\t\t\t<\/p>\n<h2>E-r\u00e9putation<\/h2>\n<p>Prot\u00e9gez votre image en ligne gr\u00e2ce \u00e0 nos solutions de gestion de r\u00e9putation. Nous surveillons, analysons et am\u00e9liorons votre pr\u00e9sence num\u00e9rique.<\/p>\n<p>\t\t\t\t\t\t\t\t<a href=\"#\"><br \/>\n\t\t\t\t\t\t\t\t\tD\u00e9couvrez comment<br \/>\n\t\t\t\t\t<\/a><br \/>\n\t\t\t<svg aria-hidden=\"true\" viewBox=\"0 0 576 512\" xmlns=\"http:\/\/www.w3.org\/2000\/svg\"><path d=\"M259.3 17.8L194 150.2 47.9 171.5c-26.2 3.8-36.7 36.1-17.7 54.6l105.7 103-25 145.5c-4.5 26.3 23.2 46 46.4 33.7L288 439.6l130.7 68.7c23.2 12.2 50.9-7.4 46.4-33.7l-25-145.5 105.7-103c19-18.5 8.5-50.8-17.7-54.6L382 150.2 316.7 17.8c-11.7-23.6-45.6-23.9-57.4 0z\"><\/path><\/svg>\t\t\t<\/p>\n<h2>D\u00e9veloppement d&rsquo;applications<\/h2>\n<p>Cr\u00e9ez des applications sur mesure qui r\u00e9pondent aux besoins de votre entreprise et optimisent votre efficacit\u00e9. Innovez avec des outils digitaux performants.<\/p>\n<p>\t\t\t\t\t\t\t\t<a href=\"#\"><br \/>\n\t\t\t\t\t\t\t\t\t\u00c0 propos<br \/>\n\t\t\t\t\t<\/a><br \/>\n\t\t\t<svg aria-hidden=\"true\" viewBox=\"0 0 576 512\" xmlns=\"http:\/\/www.w3.org\/2000\/svg\"><path d=\"M259.3 17.8L194 150.2 47.9 171.5c-26.2 3.8-36.7 36.1-17.7 54.6l105.7 103-25 145.5c-4.5 26.3 23.2 46 46.4 33.7L288 439.6l130.7 68.7c23.2 12.2 50.9-7.4 46.4-33.7l-25-145.5 105.7-103c19-18.5 8.5-50.8-17.7-54.6L382 150.2 316.7 17.8c-11.7-23.6-45.6-23.9-57.4 0z\"><\/path><\/svg>\t\t\t<\/p>\n<h2>Int\u00e9gration de chatbots<\/h2>\n<p>Am\u00e9liorez l&rsquo;interaction client avec des chatbots intelligents. Ils offrent une assistance rapide et efficace, 24\/7, pour r\u00e9pondre aux questions de vos clients.<\/p>\n<p>\t\t\t\t\t\t\t\t<a href=\"#\"><br \/>\n\t\t\t\t\t\t\t\t\tContactez-nous<br \/>\n\t\t\t\t\t<\/a><\/p>\n<h5>Ce que nos clients disent<\/h5>\n<h2>T\u00e9moignages de nos clients satisfaits<\/h2>\n<p>\t\t\t\t\t\t\t\t\t\t\t\t\t\t\t<img loading=\"lazy\" decoding=\"async\" width=\"800\" height=\"800\" src=\"https:\/\/lb-solutions.online\/testwp4\/wp-content\/uploads\/2025\/09\/wireframe-img-1-e1708013680578-1024x1024.png\" alt=\"\" srcset=\"https:\/\/lb-solutions.online\/testwp4\/wp-content\/uploads\/2025\/09\/wireframe-img-1-e1708013680578-1024x1024.png 1024w, https:\/\/lb-solutions.online\/testwp4\/wp-content\/uploads\/2025\/09\/wireframe-img-1-e1708013680578-300x300.png 300w, https:\/\/lb-solutions.online\/testwp4\/wp-content\/uploads\/2025\/09\/wireframe-img-1-e1708013680578-150x150.png 150w, https:\/\/lb-solutions.online\/testwp4\/wp-content\/uploads\/2025\/09\/wireframe-img-1-e1708013680578-768x767.png 768w, https:\/\/lb-solutions.online\/testwp4\/wp-content\/uploads\/2025\/09\/wireframe-img-1-e1708013680578.png 1081w\" sizes=\"auto, (max-width: 800px) 100vw, 800px\" \/><br \/>\n\t\t\t\t\t\t<i>&#9733;<\/i><i>&#9733;<\/i><i>&#9733;<\/i><i>&#9733;<\/i><i>&#9733;<\/i> 5\/5<br \/>\n\t\t\t\t\t\t\t\u00ab\u00a0Gr\u00e2ce \u00e0 LB-Solutions, notre visibilit\u00e9 en ligne a consid\u00e9rablement augment\u00e9. Leur approche personnalis\u00e9e a vraiment fait la diff\u00e9rence pour notre entreprise.\u00a0\u00bb<br \/>\n\t\t\t\t\t\t\t\t\t\t\t\t\t\tMarie Dupont<br \/>\n\t\t\t\t\t\t\t\t\t\t\t\t\t\t\t\t\t\t\t\t\t\tDirectrice Marketing<\/p>\n<h2>Inscrivez-vous pour des offres exclusives<\/h2>\n<p>Restez inform\u00e9 des derni\u00e8res nouveaut\u00e9s et b\u00e9n\u00e9ficiez d&rsquo;offres sp\u00e9ciales. Abonnez-vous \u00e0 notre newsletter et ne manquez rien !<\/p>\n<p>En vous inscrivant, vous acceptez nos conditions d&rsquo;utilisation.<\/p>\n<h2>Galerie de Projets<\/h2>\n<h5>D\u00e9couvrez notre savoir-faire \u00e0 travers une s\u00e9lection de projets r\u00e9alis\u00e9s. Chaque image vous offre un aper\u00e7u de notre cr\u00e9ativit\u00e9, n&rsquo;h\u00e9sitez pas \u00e0 cliquer pour en savoir plus.<\/h5>\n<p>\t\t\t\t\t\t\t\t\t\t\t\t\t\t\t<img loading=\"lazy\" decoding=\"async\" width=\"1920\" height=\"1080\" src=\"https:\/\/lb-solutions.online\/testwp4\/wp-content\/uploads\/2025\/09\/placeholder-demo-image-640x640-1.jpg\" alt=\"\" srcset=\"https:\/\/lb-solutions.online\/testwp4\/wp-content\/uploads\/2025\/09\/placeholder-demo-image-640x640-1.jpg 1920w, https:\/\/lb-solutions.online\/testwp4\/wp-content\/uploads\/2025\/09\/placeholder-demo-image-640x640-1-300x169.jpg 300w, https:\/\/lb-solutions.online\/testwp4\/wp-content\/uploads\/2025\/09\/placeholder-demo-image-640x640-1-1024x576.jpg 1024w, https:\/\/lb-solutions.online\/testwp4\/wp-content\/uploads\/2025\/09\/placeholder-demo-image-640x640-1-768x432.jpg 768w, https:\/\/lb-solutions.online\/testwp4\/wp-content\/uploads\/2025\/09\/placeholder-demo-image-640x640-1-1536x864.jpg 1536w\" sizes=\"auto, (max-width: 1920px) 100vw, 1920px\" \/>\t\t\t\t\t\t\t\t\t\t\t\t\t\t\t\t\t\t\t\t\t\t\t\t\t\t<img loading=\"lazy\" decoding=\"async\" width=\"1920\" height=\"1080\" src=\"https:\/\/lb-solutions.online\/testwp4\/wp-content\/uploads\/2025\/09\/placeholder-demo-image-640x640-1.jpg\" alt=\"\" srcset=\"https:\/\/lb-solutions.online\/testwp4\/wp-content\/uploads\/2025\/09\/placeholder-demo-image-640x640-1.jpg 1920w, https:\/\/lb-solutions.online\/testwp4\/wp-content\/uploads\/2025\/09\/placeholder-demo-image-640x640-1-300x169.jpg 300w, https:\/\/lb-solutions.online\/testwp4\/wp-content\/uploads\/2025\/09\/placeholder-demo-image-640x640-1-1024x576.jpg 1024w, https:\/\/lb-solutions.online\/testwp4\/wp-content\/uploads\/2025\/09\/placeholder-demo-image-640x640-1-768x432.jpg 768w, https:\/\/lb-solutions.online\/testwp4\/wp-content\/uploads\/2025\/09\/placeholder-demo-image-640x640-1-1536x864.jpg 1536w\" sizes=\"auto, (max-width: 1920px) 100vw, 1920px\" \/>\t\t\t\t\t\t\t\t\t\t\t\t\t\t\t\t\t\t\t\t\t\t\t\t\t\t<img loading=\"lazy\" decoding=\"async\" width=\"1920\" height=\"1080\" src=\"https:\/\/lb-solutions.online\/testwp4\/wp-content\/uploads\/2025\/09\/placeholder-demo-image-640x640-1.jpg\" alt=\"\" srcset=\"https:\/\/lb-solutions.online\/testwp4\/wp-content\/uploads\/2025\/09\/placeholder-demo-image-640x640-1.jpg 1920w, https:\/\/lb-solutions.online\/testwp4\/wp-content\/uploads\/2025\/09\/placeholder-demo-image-640x640-1-300x169.jpg 300w, https:\/\/lb-solutions.online\/testwp4\/wp-content\/uploads\/2025\/09\/placeholder-demo-image-640x640-1-1024x576.jpg 1024w, https:\/\/lb-solutions.online\/testwp4\/wp-content\/uploads\/2025\/09\/placeholder-demo-image-640x640-1-768x432.jpg 768w, https:\/\/lb-solutions.online\/testwp4\/wp-content\/uploads\/2025\/09\/placeholder-demo-image-640x640-1-1536x864.jpg 1536w\" sizes=\"auto, (max-width: 1920px) 100vw, 1920px\" \/>\t\t\t\t\t\t\t\t\t\t\t\t\t\t\t\t<\/p>\n<h2>Restons connect\u00e9s<\/h2>\n<h2>Notre emplacement \u00e0 conna\u00eetre<\/h2>\n<p>Pour toute question ou demande, n\u2019h\u00e9sitez pas \u00e0 nous contacter. Nous sommes l\u00e0 pour vous aider!<\/p>\n<p>\t\t\t<iframe loading=\"lazy\"\n\t\t\t\t\tsrc=\"https:\/\/maps.google.com\/maps?q=Centre%20d%27affaires%2C%20Paris%2C%20France&#038;t=m&#038;z=10&#038;output=embed&#038;iwloc=near\"\n\t\t\t\t\ttitle=\"Centre d&#039;affaires, Paris, France\"\n\t\t\t\t\taria-label=\"Centre d&#039;affaires, Paris, France\"\n\t\t\t><\/iframe><br \/>\n\t\t\t\t<svg aria-hidden=\"true\" viewBox=\"0 0 512 512\" xmlns=\"http:\/\/www.w3.org\/2000\/svg\"><path d=\"M502.3 190.8c3.9-3.1 9.7-.2 9.7 4.7V400c0 26.5-21.5 48-48 48H48c-26.5 0-48-21.5-48-48V195.6c0-5 5.7-7.8 9.7-4.7 22.4 17.4 52.1 39.5 154.1 113.6 21.1 15.4 56.7 47.8 92.2 47.6 35.7.3 72-32.8 92.3-47.6 102-74.1 131.6-96.3 154-113.7zM256 320c23.2.4 56.6-29.2 73.4-41.4 132.7-96.3 142.8-104.7 173.4-128.7 5.8-4.5 9.2-11.5 9.2-18.9v-19c0-26.5-21.5-48-48-48H48C21.5 64 0 85.5 0 112v19c0 7.4 3.4 14.3 9.2 18.9 30.6 23.9 40.7 32.4 173.4 128.7 16.8 12.2 50.2 41.8 73.4 41.4z\"><\/path><\/svg>\t\t\t\t<\/p>\n<h3>\n\t\t\t\t\t\t\tEmail<br \/>\n\t\t\t\t\t<\/h3>\n<p>\n\t\t\t\t\t\tContactez-nous par e-mail pour des questions.\t\t\t\t\t<\/p>\n<p>\t\t\t\t\t\t\t\t\t\t\t\t<a href=\"#\"><br \/>\n\t\t\t\t\t\t\t\t\tcontact@votre-entreprise.fr<br \/>\n\t\t\t\t\t<\/a><br \/>\n\t\t\t\t<svg aria-hidden=\"true\" viewBox=\"0 0 512 512\" xmlns=\"http:\/\/www.w3.org\/2000\/svg\"><path d=\"M497.39 361.8l-112-48a24 24 0 0 0-28 6.9l-49.6 60.6A370.66 370.66 0 0 1 130.6 204.11l60.6-49.6a23.94 23.94 0 0 0 6.9-28l-48-112A24.16 24.16 0 0 0 122.6.61l-104 24A24 24 0 0 0 0 48c0 256.5 207.9 464 464 464a24 24 0 0 0 23.4-18.6l24-104a24.29 24.29 0 0 0-14.01-27.6z\"><\/path><\/svg>\t\t\t\t<\/p>\n<h3>\n\t\t\t\t\t\t\tT\u00e9l\u00e9phone<br \/>\n\t\t\t\t\t<\/h3>\n<p>\n\t\t\t\t\t\tAppelez-nous pour discuter de vos besoins.\t\t\t\t\t<\/p>\n<p>\t\t\t\t\t\t\t\t\t\t\t\t<a href=\"#\"><br \/>\n\t\t\t\t\t\t\t\t\t+33 1 23 45 67 89<br \/>\n\t\t\t\t\t<\/a><br \/>\n\t\t\t\t<svg aria-hidden=\"true\" viewBox=\"0 0 384 512\" xmlns=\"http:\/\/www.w3.org\/2000\/svg\"><path d=\"M172.268 501.67C26.97 291.031 0 269.413 0 192 0 85.961 85.961 0 192 0s192 85.961 192 192c0 77.413-26.97 99.031-172.268 309.67-9.535 13.774-29.93 13.773-39.464 0zM192 272c44.183 0 80-35.817 80-80s-35.817-80-80-80-80 35.817-80 80 35.817 80 80 80z\"><\/path><\/svg>\t\t\t\t<\/p>\n<h3>\n\t\t\t\t\t\t\tBureau<br \/>\n\t\t\t\t\t<\/h3>\n<p>\n\t\t\t\t\t\t123 Rue des Services, Paris, France\t\t\t\t\t<\/p>\n<p>\t\t\t\t\t\t\t\t\t\t\t\t<a href=\"#\"><br \/>\n\t\t\t\t<svg aria-hidden=\"true\" viewBox=\"0 0 320 512\" xmlns=\"http:\/\/www.w3.org\/2000\/svg\"><path d=\"M285.476 272.971L91.132 467.314c-9.373 9.373-24.569 9.373-33.941 0l-22.667-22.667c-9.357-9.357-9.375-24.522-.04-33.901L188.505 256 34.484 101.255c-9.335-9.379-9.317-24.544.04-33.901l22.667-22.667c9.373-9.373 24.569-9.373 33.941 0L285.475 239.03c9.373 9.372 9.373 24.568.001 33.941z\"><\/path><\/svg><br \/>\n\t\t\t\t\t\t\t\t\tObtenir l&rsquo;itin\u00e9raire<br \/>\n\t\t\t\t\t<\/a><br \/>\n\t\t\t\t<svg aria-hidden=\"true\" viewBox=\"0 0 576 512\" xmlns=\"http:\/\/www.w3.org\/2000\/svg\"><path d=\"M259.3 17.8L194 150.2 47.9 171.5c-26.2 3.8-36.7 36.1-17.7 54.6l105.7 103-25 145.5c-4.5 26.3 23.2 46 46.4 33.7L288 439.6l130.7 68.7c23.2 12.2 50.9-7.4 46.4-33.7l-25-145.5 105.7-103c19-18.5 8.5-50.8-17.7-54.6L382 150.2 316.7 17.8c-11.7-23.6-45.6-23.9-57.4 0z\"><\/path><\/svg>\t\t\t\t<\/p>\n<h3>\n\t\t\t\t\t\t\tSuivez-nous<br \/>\n\t\t\t\t\t<\/h3>\n<p>\n\t\t\t\t\t\tRestez inform\u00e9 de nos derni\u00e8res nouvelles.\t\t\t\t\t<\/p>\n<p>\t\t\t\t\t<a href=\"#\" target=\"_blank\"><br \/>\n\t\t\t\t\t\tFacebook-f<br \/>\n\t\t\t\t\t\t<svg viewBox=\"0 0 320 512\" xmlns=\"http:\/\/www.w3.org\/2000\/svg\"><path d=\"M279.14 288l14.22-92.66h-88.91v-60.13c0-25.35 12.42-50.06 52.24-50.06h40.42V6.26S260.43 0 225.36 0c-73.22 0-121.08 44.38-121.08 124.72v70.62H22.89V288h81.39v224h100.17V288z\"><\/path><\/svg>\t\t\t\t\t<\/a><br \/>\n\t\t\t\t\t<a href=\"#\" target=\"_blank\"><br \/>\n\t\t\t\t\t\tTwitter<br \/>\n\t\t\t\t\t\t<svg viewBox=\"0 0 512 512\" xmlns=\"http:\/\/www.w3.org\/2000\/svg\"><path d=\"M459.37 151.716c.325 4.548.325 9.097.325 13.645 0 138.72-105.583 298.558-298.558 298.558-59.452 0-114.68-17.219-161.137-47.106 8.447.974 16.568 1.299 25.34 1.299 49.055 0 94.213-16.568 130.274-44.832-46.132-.975-84.792-31.188-98.112-72.772 6.498.974 12.995 1.624 19.818 1.624 9.421 0 18.843-1.3 27.614-3.573-48.081-9.747-84.143-51.98-84.143-102.985v-1.299c13.969 7.797 30.214 12.67 47.431 13.319-28.264-18.843-46.781-51.005-46.781-87.391 0-19.492 5.197-37.36 14.294-52.954 51.655 63.675 129.3 105.258 216.365 109.807-1.624-7.797-2.599-15.918-2.599-24.04 0-57.828 46.782-104.934 104.934-104.934 30.213 0 57.502 12.67 76.67 33.137 23.715-4.548 46.456-13.32 66.599-25.34-7.798 24.366-24.366 44.833-46.132 57.827 21.117-2.273 41.584-8.122 60.426-16.243-14.292 20.791-32.161 39.308-52.628 54.253z\"><\/path><\/svg>\t\t\t\t\t<\/a><\/p>\n","protected":false},"excerpt":{"rendered":"<p>Transformez votre pr\u00e9sence en ligne Nous aidons les PME \u00e0 briller sur le web et \u00e0 g\u00e9rer leur e-r\u00e9putation. Explorez Cr\u00e9ation de sites web Nous concevons des sites web modernes et adapt\u00e9s \u00e0 vos besoins. Chaque projet est unique et nous nous assurons de cr\u00e9er une exp\u00e9rience utilisateur fluide et attrayante. En savoir plus Gestion [&hellip;]<\/p>\n","protected":false},"author":1,"featured_media":0,"parent":0,"menu_order":0,"comment_status":"closed","ping_status":"closed","template":"","meta":{"pagelayer_contact_templates":[],"_pagelayer_content":"","footnotes":""},"class_list":["post-11","page","type-page","status-publish","hentry"],"_links":{"self":[{"href":"https:\/\/lb-solutions.online\/testwp4\/wp-json\/wp\/v2\/pages\/11","targetHints":{"allow":["GET"]}}],"collection":[{"href":"https:\/\/lb-solutions.online\/testwp4\/wp-json\/wp\/v2\/pages"}],"about":[{"href":"https:\/\/lb-solutions.online\/testwp4\/wp-json\/wp\/v2\/types\/page"}],"author":[{"embeddable":true,"href":"https:\/\/lb-solutions.online\/testwp4\/wp-json\/wp\/v2\/users\/1"}],"replies":[{"embeddable":true,"href":"https:\/\/lb-solutions.online\/testwp4\/wp-json\/wp\/v2\/comments?post=11"}],"version-history":[{"count":4,"href":"https:\/\/lb-solutions.online\/testwp4\/wp-json\/wp\/v2\/pages\/11\/revisions"}],"predecessor-version":[{"id":55,"href":"https:\/\/lb-solutions.online\/testwp4\/wp-json\/wp\/v2\/pages\/11\/revisions\/55"}],"wp:attachment":[{"href":"https:\/\/lb-solutions.online\/testwp4\/wp-json\/wp\/v2\/media?parent=11"}],"curies":[{"name":"wp","href":"https:\/\/api.w.org\/{rel}","templated":true}]}}