{"id":13,"date":"2025-09-01T01:27:32","date_gmt":"2025-09-01T01:27:32","guid":{"rendered":"https:\/\/lb-solutions.online\/testwp4\/blog\/"},"modified":"2025-09-01T01:27:37","modified_gmt":"2025-09-01T01:27:37","slug":"blog","status":"publish","type":"page","link":"https:\/\/lb-solutions.online\/testwp4\/blog\/","title":{"rendered":"Blog"},"content":{"rendered":"<h2>Explorez notre blog inspirant<\/h2>\n<p>Bienvenue sur notre blog, espace d\u00e9di\u00e9 aux PME et aux professionnels ! D\u00e9couvrez des articles pratiques et des conseils pr\u00e9cieux pour booster votre pr\u00e9sence en ligne. Nous partageons r\u00e9guli\u00e8rement des informations sur les derni\u00e8res tendances num\u00e9riques et des actualit\u00e9s pour vous accompagner dans votre aventure digitale.<\/p>\n<h2>Nos articles les plus populaires<\/h2>\n<h5>D\u00e9couvrez des conseils et des astuces pour d\u00e9velopper votre pr\u00e9sence en ligne.<\/h5>\n<p>\t\t\t\t\t\t\t\t\t\t<a href=\"#\"><br \/>\n\t\t\t\t\t\t\t\t\tVoir tous les articles<br \/>\n\t\t\t\t\t<\/a><\/p>\n<h5>Votre source d&rsquo;actualit\u00e9s<\/h5>\n<h2>D\u00e9couvrez nos derniers articles de blog<\/h2>\n<p>\t\t\t\t\t\t\t\t\t\t<a href=\"#\"><br \/>\n\t\t\t\t\t\t\t\t\tVoir tous les articles<br \/>\n\t\t\t\t\t<\/a><\/p>\n<h4>Restez inform\u00e9 avec notre newsletter!<\/h4>\n<p>\t\t\t\t\t\t\t\t\t\t<a href=\"#\"><br \/>\n\t\t\t\t\t\t\t\t\tS&rsquo;inscrire<br \/>\n\t\t\t\t\t<\/a><\/p>\n","protected":false},"excerpt":{"rendered":"<p>Explorez notre blog inspirant Bienvenue sur notre blog, espace d\u00e9di\u00e9 aux PME et aux professionnels ! D\u00e9couvrez des articles pratiques et des conseils pr\u00e9cieux pour booster votre pr\u00e9sence en ligne. Nous partageons r\u00e9guli\u00e8rement des informations sur les derni\u00e8res tendances num\u00e9riques et des actualit\u00e9s pour vous accompagner dans votre aventure digitale. Nos articles les plus populaires [&hellip;]<\/p>\n","protected":false},"author":1,"featured_media":0,"parent":0,"menu_order":0,"comment_status":"closed","ping_status":"closed","template":"","meta":{"pagelayer_contact_templates":[],"_pagelayer_content":"","footnotes":""},"class_list":["post-13","page","type-page","status-publish","hentry"],"_links":{"self":[{"href":"https:\/\/lb-solutions.online\/testwp4\/wp-json\/wp\/v2\/pages\/13","targetHints":{"allow":["GET"]}}],"collection":[{"href":"https:\/\/lb-solutions.online\/testwp4\/wp-json\/wp\/v2\/pages"}],"about":[{"href":"https:\/\/lb-solutions.online\/testwp4\/wp-json\/wp\/v2\/types\/page"}],"author":[{"embeddable":true,"href":"https:\/\/lb-solutions.online\/testwp4\/wp-json\/wp\/v2\/users\/1"}],"replies":[{"embeddable":true,"href":"https:\/\/lb-solutions.online\/testwp4\/wp-json\/wp\/v2\/comments?post=13"}],"version-history":[{"count":1,"href":"https:\/\/lb-solutions.online\/testwp4\/wp-json\/wp\/v2\/pages\/13\/revisions"}],"predecessor-version":[{"id":17,"href":"https:\/\/lb-solutions.online\/testwp4\/wp-json\/wp\/v2\/pages\/13\/revisions\/17"}],"wp:attachment":[{"href":"https:\/\/lb-solutions.online\/testwp4\/wp-json\/wp\/v2\/media?parent=13"}],"curies":[{"name":"wp","href":"https:\/\/api.w.org\/{rel}","templated":true}]}}